{"id":23,"date":"2021-01-19T19:53:11","date_gmt":"2021-01-19T19:53:11","guid":{"rendered":"http:\/\/ohlaplast.se\/?page_id=23"},"modified":"2025-10-27T13:21:00","modified_gmt":"2025-10-27T13:21:00","slug":"pvc-farg-3","status":"publish","type":"page","link":"https:\/\/ohlaplast.se\/en\/pvc-farg-3\/","title":{"rendered":"Coloring PVC"},"content":{"rendered":"<div data-elementor-type=\"wp-page\" data-elementor-id=\"23\" class=\"elementor elementor-23\">\n\t\t\t\t\t\t<section class=\"elementor-section elementor-top-section elementor-element elementor-element-5131a13e elementor-section-boxed elementor-section-height-default elementor-section-height-default\" data-id=\"5131a13e\" data-element_type=\"section\" data-settings=\"{&quot;background_background&quot;:&quot;classic&quot;}\">\n\t\t\t\t\t\t\t<div class=\"elementor-background-overlay\"><\/div>\n\t\t\t\t\t\t\t<div class=\"elementor-container elementor-column-gap-default\">\n\t\t\t\t\t<div class=\"elementor-column elementor-col-100 elementor-top-column elementor-element elementor-element-1053ca7a\" data-id=\"1053ca7a\" data-element_type=\"column\">\n\t\t\t<div class=\"elementor-widget-wrap elementor-element-populated\">\n\t\t\t\t\t\t<div class=\"elementor-element elementor-element-3d99e122 elementor-widget elementor-widget-heading\" data-id=\"3d99e122\" data-element_type=\"widget\" data-widget_type=\"heading.default\">\n\t\t\t\t<div class=\"elementor-widget-container\">\n\t\t\t\t\t<h1 class=\"elementor-heading-title elementor-size-default\">Coloring PVC<\/h1>\t\t\t\t<\/div>\n\t\t\t\t<\/div>\n\t\t\t\t\t<\/div>\n\t\t<\/div>\n\t\t\t\t\t<\/div>\n\t\t<\/section>\n\t\t\t\t<section class=\"elementor-section elementor-top-section elementor-element elementor-element-6233d5b elementor-section-content-middle elementor-section-boxed elementor-section-height-default elementor-section-height-default\" data-id=\"6233d5b\" data-element_type=\"section\" data-settings=\"{&quot;background_background&quot;:&quot;classic&quot;}\">\n\t\t\t\t\t\t<div class=\"elementor-container elementor-column-gap-no\">\n\t\t\t\t\t<div class=\"elementor-column elementor-col-66 elementor-top-column elementor-element elementor-element-4d7ad86\" data-id=\"4d7ad86\" data-element_type=\"column\">\n\t\t\t<div class=\"elementor-widget-wrap elementor-element-populated\">\n\t\t\t\t\t\t<div class=\"elementor-element elementor-element-91de7cd elementor-widget elementor-widget-heading\" data-id=\"91de7cd\" data-element_type=\"widget\" data-widget_type=\"heading.default\">\n\t\t\t\t<div class=\"elementor-widget-container\">\n\t\t\t\t\t<h2 class=\"elementor-heading-title elementor-size-default\">Vi F\u00e4rgar PVC<\/h2>\t\t\t\t<\/div>\n\t\t\t\t<\/div>\n\t\t\t\t<div class=\"elementor-element elementor-element-0e457ca elementor-widget elementor-widget-text-editor\" data-id=\"0e457ca\" data-element_type=\"widget\" data-widget_type=\"text-editor.default\">\n\t\t\t\t<div class=\"elementor-widget-container\">\n\t\t\t\t\t\t\t\t\t<p>We offer three different coloring solutions for PVC:<\/p><ol><li>Tryckf\u00e4rg OHLASOL 0 f\u00f6r att exempelvis trycka direkt p\u00e5 kl\u00e4der eller som transfertryck.<\/li><li>\u00a0Color pigmentation of PVC-plastisols.<\/li><li>Airbruch color for coating PVC-products.<\/li><\/ol>\t\t\t\t\t\t\t\t<\/div>\n\t\t\t\t<\/div>\n\t\t\t\t<div class=\"elementor-element elementor-element-7cc61a8 elementor-align-left elementor-widget elementor-widget-button\" data-id=\"7cc61a8\" data-element_type=\"widget\" data-widget_type=\"button.default\">\n\t\t\t\t<div class=\"elementor-widget-container\">\n\t\t\t\t\t\t\t\t\t<div class=\"elementor-button-wrapper\">\n\t\t\t\t\t<a class=\"elementor-button elementor-button-link elementor-size-sm\" href=\"#\">\n\t\t\t\t\t\t<span class=\"elementor-button-content-wrapper\">\n\t\t\t\t\t\t\t\t\t<span class=\"elementor-button-text\">Datasheet<\/span>\n\t\t\t\t\t<\/span>\n\t\t\t\t\t<\/a>\n\t\t\t\t<\/div>\n\t\t\t\t\t\t\t\t<\/div>\n\t\t\t\t<\/div>\n\t\t\t\t\t<\/div>\n\t\t<\/div>\n\t\t\t\t<div class=\"elementor-column elementor-col-33 elementor-top-column elementor-element elementor-element-03a6bc5\" data-id=\"03a6bc5\" data-element_type=\"column\">\n\t\t\t<div class=\"elementor-widget-wrap elementor-element-populated\">\n\t\t\t\t\t\t<div class=\"elementor-element elementor-element-02ae585 elementor-widget elementor-widget-image\" data-id=\"02ae585\" data-element_type=\"widget\" data-widget_type=\"image.default\">\n\t\t\t\t<div class=\"elementor-widget-container\">\n\t\t\t\t\t\t\t\t\t\t\t\t\t\t\t<img fetchpriority=\"high\" decoding=\"async\" width=\"1280\" height=\"930\" src=\"https:\/\/ohlaplast.se\/wp-content\/uploads\/2021\/03\/abstract-art-background-2468874.jpg\" class=\"attachment-full size-full wp-image-632\" alt=\"abstract, art, background\" srcset=\"https:\/\/ohlaplast.se\/wp-content\/uploads\/2021\/03\/abstract-art-background-2468874.jpg 1280w, https:\/\/ohlaplast.se\/wp-content\/uploads\/2021\/03\/abstract-art-background-2468874-300x218.jpg 300w, https:\/\/ohlaplast.se\/wp-content\/uploads\/2021\/03\/abstract-art-background-2468874-1024x744.jpg 1024w, https:\/\/ohlaplast.se\/wp-content\/uploads\/2021\/03\/abstract-art-background-2468874-768x558.jpg 768w, https:\/\/ohlaplast.se\/wp-content\/uploads\/2021\/03\/abstract-art-background-2468874-16x12.jpg 16w\" sizes=\"(max-width: 1280px) 100vw, 1280px\" \/>\t\t\t\t\t\t\t\t\t\t\t\t\t\t\t<\/div>\n\t\t\t\t<\/div>\n\t\t\t\t\t<\/div>\n\t\t<\/div>\n\t\t\t\t\t<\/div>\n\t\t<\/section>\n\t\t\t\t<section class=\"elementor-section elementor-top-section elementor-element elementor-element-85252f1 elementor-section-boxed elementor-section-height-default elementor-section-height-default\" data-id=\"85252f1\" data-element_type=\"section\" data-settings=\"{&quot;background_background&quot;:&quot;classic&quot;}\">\n\t\t\t\t\t\t\t<div class=\"elementor-background-overlay\"><\/div>\n\t\t\t\t\t\t\t<div class=\"elementor-container elementor-column-gap-default\">\n\t\t\t\t\t<div class=\"elementor-column elementor-col-100 elementor-top-column elementor-element elementor-element-dbebf6b\" data-id=\"dbebf6b\" data-element_type=\"column\">\n\t\t\t<div class=\"elementor-widget-wrap elementor-element-populated\">\n\t\t\t\t\t\t<div class=\"elementor-element elementor-element-633d347 elementor-widget elementor-widget-heading\" data-id=\"633d347\" data-element_type=\"widget\" data-widget_type=\"heading.default\">\n\t\t\t\t<div class=\"elementor-widget-container\">\n\t\t\t\t\t<h2 class=\"elementor-heading-title elementor-size-default\">V\u00e5ra F\u00e4rgningsmetoder<\/h2>\t\t\t\t<\/div>\n\t\t\t\t<\/div>\n\t\t\t\t<section class=\"elementor-section elementor-inner-section elementor-element elementor-element-a5ccec3 elementor-section-boxed elementor-section-height-default elementor-section-height-default\" data-id=\"a5ccec3\" data-element_type=\"section\">\n\t\t\t\t\t\t<div class=\"elementor-container elementor-column-gap-default\">\n\t\t\t\t\t<div class=\"elementor-column elementor-col-33 elementor-inner-column elementor-element elementor-element-8562128\" data-id=\"8562128\" data-element_type=\"column\" data-settings=\"{&quot;background_background&quot;:&quot;classic&quot;}\">\n\t\t\t<div class=\"elementor-widget-wrap elementor-element-populated\">\n\t\t\t\t\t\t<div class=\"elementor-element elementor-element-870c454 elementor-widget elementor-widget-image\" data-id=\"870c454\" data-element_type=\"widget\" data-widget_type=\"image.default\">\n\t\t\t\t<div class=\"elementor-widget-container\">\n\t\t\t\t\t\t\t\t\t\t\t\t\t\t\t<img decoding=\"async\" width=\"1920\" height=\"1920\" data-src=\"https:\/\/ohlaplast.se\/wp-content\/uploads\/2021\/01\/Kopia-av-Kopia-av-Kopia-av-Kopia-av-Kopia-av-Kopia-av-Namnlos.png\" class=\"attachment-full size-full wp-image-334 lazyload\" alt=\"\" data-srcset=\"https:\/\/ohlaplast.se\/wp-content\/uploads\/2021\/01\/Kopia-av-Kopia-av-Kopia-av-Kopia-av-Kopia-av-Kopia-av-Namnlos.png 1920w, https:\/\/ohlaplast.se\/wp-content\/uploads\/2021\/01\/Kopia-av-Kopia-av-Kopia-av-Kopia-av-Kopia-av-Kopia-av-Namnlos-300x300.png 300w, https:\/\/ohlaplast.se\/wp-content\/uploads\/2021\/01\/Kopia-av-Kopia-av-Kopia-av-Kopia-av-Kopia-av-Kopia-av-Namnlos-1024x1024.png 1024w, https:\/\/ohlaplast.se\/wp-content\/uploads\/2021\/01\/Kopia-av-Kopia-av-Kopia-av-Kopia-av-Kopia-av-Kopia-av-Namnlos-150x150.png 150w, https:\/\/ohlaplast.se\/wp-content\/uploads\/2021\/01\/Kopia-av-Kopia-av-Kopia-av-Kopia-av-Kopia-av-Kopia-av-Namnlos-768x768.png 768w, https:\/\/ohlaplast.se\/wp-content\/uploads\/2021\/01\/Kopia-av-Kopia-av-Kopia-av-Kopia-av-Kopia-av-Kopia-av-Namnlos-1536x1536.png 1536w\" data-sizes=\"(max-width: 1920px) 100vw, 1920px\" src=\"data:image\/svg+xml;base64,PHN2ZyB3aWR0aD0iMSIgaGVpZ2h0PSIxIiB4bWxucz0iaHR0cDovL3d3dy53My5vcmcvMjAwMC9zdmciPjwvc3ZnPg==\" style=\"--smush-placeholder-width: 1920px; --smush-placeholder-aspect-ratio: 1920\/1920;\" \/>\t\t\t\t\t\t\t\t\t\t\t\t\t\t\t<\/div>\n\t\t\t\t<\/div>\n\t\t\t\t<div class=\"elementor-element elementor-element-e101abc elementor-widget elementor-widget-heading\" data-id=\"e101abc\" data-element_type=\"widget\" data-widget_type=\"heading.default\">\n\t\t\t\t<div class=\"elementor-widget-container\">\n\t\t\t\t\t<h4 class=\"elementor-heading-title elementor-size-default\">OHLASOL\u00ae  tryckf\u00e4rg<\/h4>\t\t\t\t<\/div>\n\t\t\t\t<\/div>\n\t\t\t\t<div class=\"elementor-element elementor-element-a96fd39 elementor-widget elementor-widget-heading\" data-id=\"a96fd39\" data-element_type=\"widget\" data-widget_type=\"heading.default\">\n\t\t\t\t<div class=\"elementor-widget-container\">\n\t\t\t\t\t<p class=\"elementor-heading-title elementor-size-default\">Tryckf\u00e4rgen finns som standard svart eller vit men kan f\u00e5s med annan kul\u00f6r vid f\u00f6rfr\u00e5gan. Den \u00e4r \u00e4ven blandbar med de flesta andra f\u00e4rger p\u00e5 marknaden. Den kan ocks\u00e5 f\u00e5s transparent och bel\u00e4ggas som extra skydd skikt. Bild Fr\u00e5n gamla hemsidan screentryck<\/p>\t\t\t\t<\/div>\n\t\t\t\t<\/div>\n\t\t\t\t\t<\/div>\n\t\t<\/div>\n\t\t\t\t<div class=\"elementor-column elementor-col-33 elementor-inner-column elementor-element elementor-element-319ec1f\" data-id=\"319ec1f\" data-element_type=\"column\" data-settings=\"{&quot;background_background&quot;:&quot;classic&quot;}\">\n\t\t\t<div class=\"elementor-widget-wrap elementor-element-populated\">\n\t\t\t\t\t\t<div class=\"elementor-element elementor-element-e484836 elementor-widget elementor-widget-image\" data-id=\"e484836\" data-element_type=\"widget\" data-widget_type=\"image.default\">\n\t\t\t\t<div class=\"elementor-widget-container\">\n\t\t\t\t\t\t\t\t\t\t\t\t\t\t\t<img decoding=\"async\" width=\"225\" height=\"300\" data-src=\"https:\/\/ohlaplast.se\/wp-content\/uploads\/2021\/03\/Airbrush-flower-225x300.jpg\" class=\"attachment-medium size-medium wp-image-904 lazyload\" alt=\"\" data-srcset=\"https:\/\/ohlaplast.se\/wp-content\/uploads\/2021\/03\/Airbrush-flower-225x300.jpg 225w, https:\/\/ohlaplast.se\/wp-content\/uploads\/2021\/03\/Airbrush-flower-768x1024.jpg 768w, https:\/\/ohlaplast.se\/wp-content\/uploads\/2021\/03\/Airbrush-flower-1152x1536.jpg 1152w, https:\/\/ohlaplast.se\/wp-content\/uploads\/2021\/03\/Airbrush-flower-1536x2048.jpg 1536w, https:\/\/ohlaplast.se\/wp-content\/uploads\/2021\/03\/Airbrush-flower-9x12.jpg 9w, https:\/\/ohlaplast.se\/wp-content\/uploads\/2021\/03\/Airbrush-flower-scaled.jpg 1920w\" data-sizes=\"(max-width: 225px) 100vw, 225px\" src=\"data:image\/svg+xml;base64,PHN2ZyB3aWR0aD0iMSIgaGVpZ2h0PSIxIiB4bWxucz0iaHR0cDovL3d3dy53My5vcmcvMjAwMC9zdmciPjwvc3ZnPg==\" style=\"--smush-placeholder-width: 225px; --smush-placeholder-aspect-ratio: 225\/300;\" \/>\t\t\t\t\t\t\t\t\t\t\t\t\t\t\t<\/div>\n\t\t\t\t<\/div>\n\t\t\t\t<div class=\"elementor-element elementor-element-4214ef2 elementor-widget elementor-widget-heading\" data-id=\"4214ef2\" data-element_type=\"widget\" data-widget_type=\"heading.default\">\n\t\t\t\t<div class=\"elementor-widget-container\">\n\t\t\t\t\t<h4 class=\"elementor-heading-title elementor-size-default\">Pigmentation<\/h4>\t\t\t\t<\/div>\n\t\t\t\t<\/div>\n\t\t\t\t<div class=\"elementor-element elementor-element-c8a68cd elementor-widget elementor-widget-heading\" data-id=\"c8a68cd\" data-element_type=\"widget\" data-widget_type=\"heading.default\">\n\t\t\t\t<div class=\"elementor-widget-container\">\n\t\t\t\t\t<p class=\"elementor-heading-title elementor-size-default\">We offer color pigmenting on all our PVC products. Alternatively, we can supply concentrated pigment mixtures for coloring.<\/p>\t\t\t\t<\/div>\n\t\t\t\t<\/div>\n\t\t\t\t\t<\/div>\n\t\t<\/div>\n\t\t\t\t<div class=\"elementor-column elementor-col-33 elementor-inner-column elementor-element elementor-element-526c87b\" data-id=\"526c87b\" data-element_type=\"column\" data-settings=\"{&quot;background_background&quot;:&quot;classic&quot;}\">\n\t\t\t<div class=\"elementor-widget-wrap elementor-element-populated\">\n\t\t\t\t\t\t<div class=\"elementor-element elementor-element-e3334cf elementor-widget elementor-widget-image\" data-id=\"e3334cf\" data-element_type=\"widget\" data-widget_type=\"image.default\">\n\t\t\t\t<div class=\"elementor-widget-container\">\n\t\t\t\t\t\t\t\t\t\t\t\t\t\t\t<img decoding=\"async\" width=\"225\" height=\"300\" data-src=\"https:\/\/ohlaplast.se\/wp-content\/uploads\/2021\/03\/Airbrush-flower-225x300.jpg\" class=\"attachment-medium size-medium wp-image-904 lazyload\" alt=\"\" data-srcset=\"https:\/\/ohlaplast.se\/wp-content\/uploads\/2021\/03\/Airbrush-flower-225x300.jpg 225w, https:\/\/ohlaplast.se\/wp-content\/uploads\/2021\/03\/Airbrush-flower-768x1024.jpg 768w, https:\/\/ohlaplast.se\/wp-content\/uploads\/2021\/03\/Airbrush-flower-1152x1536.jpg 1152w, https:\/\/ohlaplast.se\/wp-content\/uploads\/2021\/03\/Airbrush-flower-1536x2048.jpg 1536w, https:\/\/ohlaplast.se\/wp-content\/uploads\/2021\/03\/Airbrush-flower-9x12.jpg 9w, https:\/\/ohlaplast.se\/wp-content\/uploads\/2021\/03\/Airbrush-flower-scaled.jpg 1920w\" data-sizes=\"(max-width: 225px) 100vw, 225px\" src=\"data:image\/svg+xml;base64,PHN2ZyB3aWR0aD0iMSIgaGVpZ2h0PSIxIiB4bWxucz0iaHR0cDovL3d3dy53My5vcmcvMjAwMC9zdmciPjwvc3ZnPg==\" style=\"--smush-placeholder-width: 225px; --smush-placeholder-aspect-ratio: 225\/300;\" \/>\t\t\t\t\t\t\t\t\t\t\t\t\t\t\t<\/div>\n\t\t\t\t<\/div>\n\t\t\t\t<div class=\"elementor-element elementor-element-99fb776 elementor-widget elementor-widget-heading\" data-id=\"99fb776\" data-element_type=\"widget\" data-widget_type=\"heading.default\">\n\t\t\t\t<div class=\"elementor-widget-container\">\n\t\t\t\t\t<h4 class=\"elementor-heading-title elementor-size-default\">Airbruch<\/h4>\t\t\t\t<\/div>\n\t\t\t\t<\/div>\n\t\t\t\t<div class=\"elementor-element elementor-element-27e56f8 elementor-widget elementor-widget-heading\" data-id=\"27e56f8\" data-element_type=\"widget\" data-widget_type=\"heading.default\">\n\t\t\t\t<div class=\"elementor-widget-container\">\n\t\t\t\t\t<p class=\"elementor-heading-title elementor-size-default\">12.\tVi h\u00e5ller p\u00e5 att utveckla en milj\u00f6v\u00e4nlig f\u00e4rg som g\u00e5r att spraya p\u00e5 PVC f\u00f6rem\u00e5l\/-dukar mm och som tr\u00e4nger in i produkten och inte bara blir ett skikt som l\u00e4tt kan n\u00f6tas bort. <\/p>\t\t\t\t<\/div>\n\t\t\t\t<\/div>\n\t\t\t\t\t<\/div>\n\t\t<\/div>\n\t\t\t\t\t<\/div>\n\t\t<\/section>\n\t\t\t\t\t<\/div>\n\t\t<\/div>\n\t\t\t\t\t<\/div>\n\t\t<\/section>\n\t\t\t\t<\/div>","protected":false},"excerpt":{"rendered":"<p>F\u00e4rg f\u00f6r PVC Vi F\u00e4rgar PVC N\u00e4r vi diskuterar f\u00e4rg f\u00f6r PVC har vi tre olika typer. Tryckf\u00e4rg OHLASOL 0 f\u00f6r att exempelvis trycka direkt p\u00e5 kl\u00e4der eller som transfertryck. \u00a0Inf\u00e4rgning av PVC-plastisoler F\u00e4rg att m\u00e5la\/spraya p\u00e5 PVC-plastprodukter Datablad V\u00e5ra F\u00e4rgningsmetoder OHLASOL\u00ae tryckf\u00e4rg Tryckf\u00e4rgen finns som standard svart eller vit men kan f\u00e5s med annan &hellip;<\/p>\n<p class=\"read-more\"> <a class=\"\" href=\"https:\/\/ohlaplast.se\/en\/pvc-farg-3\/\"> <span class=\"screen-reader-text\">Coloring PVC<\/span> Read More &raquo;<\/a><\/p>","protected":false},"author":1,"featured_media":0,"parent":0,"menu_order":0,"comment_status":"closed","ping_status":"closed","template":"","meta":{"site-sidebar-layout":"no-sidebar","site-content-layout":"page-builder","ast-global-header-display":"","ast-main-header-display":"","ast-hfb-above-header-display":"","ast-hfb-below-header-display":"","ast-hfb-mobile-header-display":"","site-post-title":"disabled","ast-breadcrumbs-content":"","ast-featured-img":"disabled","footer-sml-layout":"","theme-transparent-header-meta":"","adv-header-id-meta":"","stick-header-meta":"","header-above-stick-meta":"","header-main-stick-meta":"","header-below-stick-meta":"","footnotes":""},"class_list":["post-23","page","type-page","status-publish","hentry"],"_links":{"self":[{"href":"https:\/\/ohlaplast.se\/en\/wp-json\/wp\/v2\/pages\/23","targetHints":{"allow":["GET"]}}],"collection":[{"href":"https:\/\/ohlaplast.se\/en\/wp-json\/wp\/v2\/pages"}],"about":[{"href":"https:\/\/ohlaplast.se\/en\/wp-json\/wp\/v2\/types\/page"}],"author":[{"embeddable":true,"href":"https:\/\/ohlaplast.se\/en\/wp-json\/wp\/v2\/users\/1"}],"replies":[{"embeddable":true,"href":"https:\/\/ohlaplast.se\/en\/wp-json\/wp\/v2\/comments?post=23"}],"version-history":[{"count":30,"href":"https:\/\/ohlaplast.se\/en\/wp-json\/wp\/v2\/pages\/23\/revisions"}],"predecessor-version":[{"id":907,"href":"https:\/\/ohlaplast.se\/en\/wp-json\/wp\/v2\/pages\/23\/revisions\/907"}],"wp:attachment":[{"href":"https:\/\/ohlaplast.se\/en\/wp-json\/wp\/v2\/media?parent=23"}],"curies":[{"name":"wp","href":"https:\/\/api.w.org\/{rel}","templated":true}]}}